{"id":6,"date":"2019-11-24T17:39:04","date_gmt":"2019-11-24T16:39:04","guid":{"rendered":"http:\/\/celtmen.eu\/celtmen.guild\/?page_id=6"},"modified":"2026-01-14T22:13:32","modified_gmt":"2026-01-14T21:13:32","slug":"accueil","status":"publish","type":"page","link":"https:\/\/celtmen.eu\/","title":{"rendered":"Qui sommes nous ?"},"content":{"rendered":"\n<figure class=\"wp-block-image size-full\"><img loading=\"lazy\" decoding=\"async\" width=\"72\" height=\"54\" src=\"https:\/\/celtmen.eu\/wp-content\/uploads\/2022\/03\/ua.png\" alt=\"\" class=\"wp-image-2201\"\/><\/figure>\n\n\n\n<p class=\"has-text-align-center has-white-background-color has-background has-medium-font-size\"><strong><span class=\"has-inline-color has-vivid-red-color\">L&rsquo;atelier est maintenant op\u00e9rationnel dans le Finist\u00e8re. Les stages et ma production reprennent \u00e0 nouveau !!! <\/span> <\/strong><\/p>\n\n\n\n<div class=\"wp-block-group\"><div class=\"wp-block-group__inner-container is-layout-flow wp-block-group-is-layout-flow\">\n<p class=\"has-text-align-center has-black-color has-white-background-color has-text-color has-background\"><strong>En 2026 CELTMEN sera pr\u00e9sent aux salons suivants : <\/strong><\/p>\n\n\n\n<p class=\"has-text-align-center has-black-color has-white-background-color has-text-color has-background\">EKS Strasbourg, GEMA Mordelles, Coutellia, N\u00e8grepelisse, Nontron, Gembloux, SNAC de Rouen \u2026.<\/p>\n<\/div><\/div>\n\n\n\n<p style=\"font-size:22px\"><mark style=\"background-color:rgba(0, 0, 0, 0)\" class=\"has-inline-color has-very-dark-gray-color\"><strong>CeltMen<\/strong> met en avant la fabrication d&rsquo;objets issus de la forge, du travail du cuir, des bois et des mati\u00e8res animales. Je propose des produits \u00e9labor\u00e9s et r\u00e9alis\u00e9s \u00e0 la main (couteaux,<\/mark> <mark style=\"background-color:rgba(0, 0, 0, 0)\" class=\"has-inline-color has-very-dark-gray-color\">damas, \u00e9tuis, \u2026). <\/mark><br><strong><mark style=\"background-color:rgba(0, 0, 0, 0)\" class=\"has-inline-color has-very-dark-gray-color\">Toutes les cr\u00e9ations n\u00e9cessitent de nombreuses heures de travail !<\/mark><\/strong><\/p>\n\n\n\n<p class=\"has-black-color has-text-color has-link-color has-medium-font-size wp-elements-17979b744f7e1ab2fba0b285484632e7\">De nombreux articles ont \u00e9t\u00e9 vendus lors des salons. N&rsquo;h\u00e9sitez pas \u00e0 passer commande et \u00e0 m&rsquo;appeler certains couteaux (pr\u00e9vus pour les salons) ne sont pas sur le site.<\/p>\n\n\n<div class=\"wp-block-image is-style-default\">\n<figure class=\"aligncenter size-full\"><img loading=\"lazy\" decoding=\"async\" width=\"2560\" height=\"1920\" src=\"https:\/\/celtmen.eu\/wp-content\/uploads\/2023\/08\/IMG_0148-scaled.jpeg\" alt=\"\" class=\"wp-image-2737\" srcset=\"https:\/\/celtmen.eu\/wp-content\/uploads\/2023\/08\/IMG_0148-scaled.jpeg 2560w, https:\/\/celtmen.eu\/wp-content\/uploads\/2023\/08\/IMG_0148-300x225.jpeg 300w, https:\/\/celtmen.eu\/wp-content\/uploads\/2023\/08\/IMG_0148-1024x768.jpeg 1024w, https:\/\/celtmen.eu\/wp-content\/uploads\/2023\/08\/IMG_0148-768x576.jpeg 768w, https:\/\/celtmen.eu\/wp-content\/uploads\/2023\/08\/IMG_0148-1536x1152.jpeg 1536w, https:\/\/celtmen.eu\/wp-content\/uploads\/2023\/08\/IMG_0148-2048x1536.jpeg 2048w, https:\/\/celtmen.eu\/wp-content\/uploads\/2023\/08\/IMG_0148-530x398.jpeg 530w, https:\/\/celtmen.eu\/wp-content\/uploads\/2023\/08\/IMG_0148-80x60.jpeg 80w, https:\/\/celtmen.eu\/wp-content\/uploads\/2023\/08\/IMG_0148-120x90.jpeg 120w\" sizes=\"auto, (max-width: 2560px) 100vw, 2560px\" \/><\/figure>\n<\/div>\n\n\n<p><\/p>\n\n\n\n<p><\/p>\n\n\n\n<p><\/p>\n\n\n\n<p><\/p>\n","protected":false},"excerpt":{"rendered":"<p>L&rsquo;atelier est maintenant op\u00e9rationnel dans le Finist\u00e8re. Les stages et ma production reprennent \u00e0 nouveau !!! En 2026 CELTMEN sera pr\u00e9sent aux salons suivants : EKS Strasbourg, GEMA Mordelles, Coutellia, N\u00e8grepelisse, Nontron, Gembloux, SNAC de Rouen \u2026. CeltMen met en avant la fabrication d&rsquo;objets issus de la forge, du travail du cuir, des bois et [&hellip;]<\/p>\n","protected":false},"author":1,"featured_media":0,"parent":0,"menu_order":0,"comment_status":"closed","ping_status":"closed","template":"template-fullwidth.php","meta":{"footnotes":""},"class_list":["post-6","page","type-page","status-publish","hentry"],"_links":{"self":[{"href":"https:\/\/celtmen.eu\/wp-json\/wp\/v2\/pages\/6","targetHints":{"allow":["GET"]}}],"collection":[{"href":"https:\/\/celtmen.eu\/wp-json\/wp\/v2\/pages"}],"about":[{"href":"https:\/\/celtmen.eu\/wp-json\/wp\/v2\/types\/page"}],"author":[{"embeddable":true,"href":"https:\/\/celtmen.eu\/wp-json\/wp\/v2\/users\/1"}],"replies":[{"embeddable":true,"href":"https:\/\/celtmen.eu\/wp-json\/wp\/v2\/comments?post=6"}],"version-history":[{"count":113,"href":"https:\/\/celtmen.eu\/wp-json\/wp\/v2\/pages\/6\/revisions"}],"predecessor-version":[{"id":2985,"href":"https:\/\/celtmen.eu\/wp-json\/wp\/v2\/pages\/6\/revisions\/2985"}],"wp:attachment":[{"href":"https:\/\/celtmen.eu\/wp-json\/wp\/v2\/media?parent=6"}],"curies":[{"name":"wp","href":"https:\/\/api.w.org\/{rel}","templated":true}]}}